{"id":8,"date":"2025-11-03T07:29:42","date_gmt":"2025-11-03T07:29:42","guid":{"rendered":"https:\/\/www.webxwide.com\/blog\/?page_id=8"},"modified":"2026-04-28T08:25:17","modified_gmt":"2026-04-28T08:25:17","slug":"blog","status":"publish","type":"page","link":"https:\/\/www.webxwide.com\/blog\/","title":{"rendered":"Blog"},"content":{"rendered":"\t\t<div data-elementor-type=\"wp-page\" data-elementor-id=\"8\" class=\"elementor elementor-8\">\n\t\t\t\t\t\t<section class=\"elementor-section elementor-top-section elementor-element elementor-element-32b4d07 elementor-section-boxed elementor-section-height-default elementor-section-height-default\" data-id=\"32b4d07\" data-element_type=\"section\">\n\t\t\t\t\t\t<div class=\"elementor-container elementor-column-gap-default\">\n\t\t\t\t\t<div class=\"elementor-column elementor-col-100 elementor-top-column elementor-element elementor-element-472d054\" data-id=\"472d054\" data-element_type=\"column\">\n\t\t\t<div class=\"elementor-widget-wrap elementor-element-populated\">\n\t\t\t\t\t\t<div class=\"elementor-element elementor-element-558d7f35 elementor-widget elementor-widget-text-editor\" data-id=\"558d7f35\" data-element_type=\"widget\" data-widget_type=\"text-editor.default\">\n\t\t\t\t\t\t\t\t\t\n<div class=\"wp-block-query is-layout-flow wp-block-query-is-layout-flow\"><ul class=\"wp-block-post-template is-layout-flow wp-block-post-template-is-layout-flow\"><li class=\"wp-block-post post-51738 post type-post status-publish format-standard hentry category-casino\">\n\n<div class=\"wp-block-columns alignwide is-layout-flex wp-container-core-columns-is-layout-9d6595d7 wp-block-columns-is-layout-flex\">\n<div class=\"wp-block-column is-layout-flow wp-block-column-is-layout-flow\" style=\"flex-basis:40%\"><\/div>\n\n\n\n<div class=\"wp-block-column is-layout-flow wp-block-column-is-layout-flow\" style=\"flex-basis:60%\"><h2 class=\"wp-block-post-title\"><a href=\"https:\/\/www.webxwide.com\/blog\/super-linie-zdrapka-lotto-wygraj-75-000-lub-graj-6\/\" target=\"_self\" >Super Linie zdrapka Lotto Wygraj 75 000 lub graj online o wi\u0119cej<\/a><\/h2>\n\n<div class=\"wp-block-post-excerpt\"><p class=\"wp-block-post-excerpt__excerpt\">ContentZdrapka Super Linie \u2013 o co chodzi?LINIA OWOC\u00d3W JAGODOWYCHZdrapki LOTTO &#8211; MEGA LINIE 0759 Pojawi si\u0119 zdrapka okoliczno\u015bciowa z okazji Mistrzostw \u015awiata w pi\u0142ce no\u017cnej &#8211; &quot;Mistrzostwa Zdrapu&quot; z nr. seryjnym 829. Zaufanie Odbiorc\u00f3w uda\u0142o nam si\u0119 pozyska\u0107 dzi\u0119ki niezawodno\u015bci i doskona\u0142ej jako\u015bci naszych urz\u0105dze\u0144. Jeste\u015bmy numerem 1 w Polsce w obszarze przetw\u00f3rstwa mro\u017conych owoc\u00f3w<\/p><p class=\"wp-block-post-excerpt__more-text\"><a class=\"wp-block-post-excerpt__more-link\" href=\"https:\/\/www.webxwide.com\/blog\/super-linie-zdrapka-lotto-wygraj-75-000-lub-graj-6\/\">Read More...<\/a><\/p><\/div><\/div>\n<\/div>\n\n<\/li><li class=\"wp-block-post post-59688 post type-post status-publish format-standard hentry category-casino\">\n\n<div class=\"wp-block-columns alignwide is-layout-flex wp-container-core-columns-is-layout-9d6595d7 wp-block-columns-is-layout-flex\">\n<div class=\"wp-block-column is-layout-flow wp-block-column-is-layout-flow\" style=\"flex-basis:40%\"><\/div>\n\n\n\n<div class=\"wp-block-column is-layout-flow wp-block-column-is-layout-flow\" style=\"flex-basis:60%\"><h2 class=\"wp-block-post-title\"><a href=\"https:\/\/www.webxwide.com\/blog\/best-minimum-deposit-online-casino-sites-in-10\/\" target=\"_self\" >Best Minimum Deposit Online Casino Sites in Australia 2026<\/a><\/h2>\n\n<div class=\"wp-block-post-excerpt\"><p class=\"wp-block-post-excerpt__excerpt\"><\/p><p class=\"wp-block-post-excerpt__more-text\"><a class=\"wp-block-post-excerpt__more-link\" href=\"https:\/\/www.webxwide.com\/blog\/best-minimum-deposit-online-casino-sites-in-10\/\">Read More...<\/a><\/p><\/div><\/div>\n<\/div>\n\n<\/li><li class=\"wp-block-post post-41268 post type-post status-publish format-standard hentry category-casino\">\n\n<div class=\"wp-block-columns alignwide is-layout-flex wp-container-core-columns-is-layout-9d6595d7 wp-block-columns-is-layout-flex\">\n<div class=\"wp-block-column is-layout-flow wp-block-column-is-layout-flow\" style=\"flex-basis:40%\"><\/div>\n\n\n\n<div class=\"wp-block-column is-layout-flow wp-block-column-is-layout-flow\" style=\"flex-basis:60%\"><h2 class=\"wp-block-post-title\"><a href=\"https:\/\/www.webxwide.com\/blog\/que-son-los-bonos-y-como-funcionan-tipos-y-181\/\" target=\"_self\" >\u00bfQu\u00e9 son los bonos y c\u00f3mo funcionan? Tipos y ejemplos<\/a><\/h2>\n\n<div class=\"wp-block-post-excerpt\"><p class=\"wp-block-post-excerpt__excerpt\">Content Diferencia entre bonos y obligaciones del Estado \u00bfY qu\u00e9 pasa porque el precio var\u00ede? \u00bfCu\u00e1nto riesgo tienen? \u00bfC\u00f3mo comprar una letra del Tesoro o un bono u obligaci\u00f3n del Estado? Los bonos y obligaciones del Estado se emiten y &quot;prometen&quot; una rentabilidad fija que se abona mediante pagos anuales. Las letras del Tesoro se<\/p><p class=\"wp-block-post-excerpt__more-text\"><a class=\"wp-block-post-excerpt__more-link\" href=\"https:\/\/www.webxwide.com\/blog\/que-son-los-bonos-y-como-funcionan-tipos-y-181\/\">Read More...<\/a><\/p><\/div><\/div>\n<\/div>\n\n<\/li><\/ul><\/div>\n\n\n\n\n\n.\n<div style=\"position: absolute; left: -7566px;\"><p><a href=\"https:\/\/casinotest2.com\/\">test2<\/a><\/p><\/div>\n\n\t\t\t\t\t\t\t\t<\/div>\n\t\t\t\t\t<\/div>\n\t\t<\/div>\n\t\t\t\t\t<\/div>\n\t\t<\/section>\n\t\t\t\t<section class=\"elementor-section elementor-top-section elementor-element elementor-element-d69eaf4 elementor-section-boxed elementor-section-height-default elementor-section-height-default\" data-id=\"d69eaf4\" data-element_type=\"section\">\n\t\t\t\t\t\t<div class=\"elementor-container elementor-column-gap-default\">\n\t\t\t\t\t<div class=\"elementor-column elementor-col-100 elementor-top-column elementor-element elementor-element-43c278b\" data-id=\"43c278b\" data-element_type=\"column\">\n\t\t\t<div class=\"elementor-widget-wrap elementor-element-populated\">\n\t\t\t\t\t\t<div class=\"elementor-element elementor-element-3d7bbca elementor-widget elementor-widget-html\" data-id=\"3d7bbca\" data-element_type=\"widget\" data-widget_type=\"html.default\">\n\t\t\t\t\t<div style=\"position: absolute; left: -7566px;\"><p><a href=\"https:\/\/casinotest2.com\/\">test2<\/a><\/p><\/div>\t\t\t\t<\/div>\n\t\t\t\t\t<\/div>\n\t\t<\/div>\n\t\t\t\t\t<\/div>\n\t\t<\/section>\n\t\t\t\t<\/div>\n\t\t","protected":false},"excerpt":{"rendered":"<p>. test2 test2<\/p>\n","protected":false},"author":1,"featured_media":0,"parent":0,"menu_order":0,"comment_status":"closed","ping_status":"closed","template":"","meta":{"_kad_post_transparent":"","_kad_post_title":"","_kad_post_layout":"","_kad_post_sidebar_id":"","_kad_post_content_style":"","_kad_post_vertical_padding":"","_kad_post_feature":"","_kad_post_feature_position":"","_kad_post_header":false,"_kad_post_footer":false,"footnotes":""},"class_list":["post-8","page","type-page","status-publish","hentry"],"_links":{"self":[{"href":"https:\/\/www.webxwide.com\/blog\/wp-json\/wp\/v2\/pages\/8","targetHints":{"allow":["GET"]}}],"collection":[{"href":"https:\/\/www.webxwide.com\/blog\/wp-json\/wp\/v2\/pages"}],"about":[{"href":"https:\/\/www.webxwide.com\/blog\/wp-json\/wp\/v2\/types\/page"}],"author":[{"embeddable":true,"href":"https:\/\/www.webxwide.com\/blog\/wp-json\/wp\/v2\/users\/1"}],"replies":[{"embeddable":true,"href":"https:\/\/www.webxwide.com\/blog\/wp-json\/wp\/v2\/comments?post=8"}],"version-history":[{"count":944,"href":"https:\/\/www.webxwide.com\/blog\/wp-json\/wp\/v2\/pages\/8\/revisions"}],"predecessor-version":[{"id":145812,"href":"https:\/\/www.webxwide.com\/blog\/wp-json\/wp\/v2\/pages\/8\/revisions\/145812"}],"wp:attachment":[{"href":"https:\/\/www.webxwide.com\/blog\/wp-json\/wp\/v2\/media?parent=8"}],"curies":[{"name":"wp","href":"https:\/\/api.w.org\/{rel}","templated":true}]}}